{"id":30382,"date":"2019-11-12T21:25:11","date_gmt":"2019-11-12T20:25:11","guid":{"rendered":"https:\/\/jobs.fnacvandenborre.be\/?page_id=30382"},"modified":"2020-10-29T22:41:24","modified_gmt":"2020-10-29T21:41:24","slug":"faq","status":"publish","type":"page","link":"https:\/\/jobs.fnacvandenborre.be\/fr\/faq\/","title":{"rendered":"FAQ"},"content":{"rendered":"<p>[et_pb_section fb_built=\u00a0\u00bb1&Prime; fullwidth=\u00a0\u00bbon\u00a0\u00bb disabled_on=\u00a0\u00bboff|off|off\u00a0\u00bb _builder_version=\u00a0\u00bb4.6.5&Prime; _module_preset=\u00a0\u00bbdefault\u00a0\u00bb locked=\u00a0\u00bboff\u00a0\u00bb][et_pb_fullwidth_image title_text=\u00a0\u00bbFAQ &#8211; Fnac Vanden Borre\u00a0\u00bb _builder_version=\u00a0\u00bb4.6.5&Prime; _module_preset=\u00a0\u00bbdefault\u00a0\u00bb background_image=\u00a0\u00bbhttps:\/\/jobs.fnacvandenborre.be\/wp-content\/uploads\/2020\/10\/FAQ-top-image-1.jpg\u00a0\u00bb background_last_edited=\u00a0\u00bbon|phone\u00a0\u00bb background_position_phone=\u00a0\u00bbcenter\u00a0\u00bb custom_css_main_element=\u00a0\u00bbheight: 40vh;||object-fit: cover;\u00a0\u00bb locked=\u00a0\u00bboff\u00a0\u00bb][\/et_pb_fullwidth_image][\/et_pb_section][et_pb_section fb_built=\u00a0\u00bb1&Prime; _builder_version=\u00a0\u00bb4.6.5&Prime; custom_padding=\u00a0\u00bb0px|0px|0px|0px|false|false\u00a0\u00bb background_image_tablet=\u00a0\u00bbhttps:\/\/jobs.fnacvandenborre.be\/wp-content\/uploads\/2019\/11\/bg_formes_spaces.png\u00a0\u00bb background_enable_image_tablet=\u00a0\u00bbon\u00a0\u00bb background_enable_image_phone=\u00a0\u00bboff\u00a0\u00bb background_position_tablet=\u00a0\u00bbtop_left\u00a0\u00bb background_position_phone=\u00a0\u00bbtop_left\u00a0\u00bb title_text_phone=\u00a0\u00bbbg_formes_spaces\u00a0\u00bb title_text_tablet=\u00a0\u00bbbg_formes_spaces\u00a0\u00bb disabled_on=\u00a0\u00bboff|off|off\u00a0\u00bb module_id=\u00a0\u00bbabout\u00a0\u00bb background_image=\u00a0\u00bbhttps:\/\/jobs.fnacvandenborre.be\/wp-content\/uploads\/2020\/10\/bg_formes_spaces.png\u00a0\u00bb background_last_edited=\u00a0\u00bbon|phone\u00a0\u00bb background_size=\u00a0\u00bbinitial\u00a0\u00bb background_position=\u00a0\u00bbtop_left\u00a0\u00bb custom_padding_last_edited=\u00a0\u00bbon|desktop\u00a0\u00bb][et_pb_row column_structure=\u00a0\u00bb2_5,3_5&Prime; custom_padding_last_edited=\u00a0\u00bbon|desktop\u00a0\u00bb admin_label=\u00a0\u00bbLigne\u00a0\u00bb _builder_version=\u00a0\u00bb4.6.5&Prime; custom_padding=\u00a0\u00bb70px|0px|60px|0px|false|false\u00a0\u00bb custom_padding_tablet=\u00a0\u00bb60px|0px|60px|0px|true|false\u00a0\u00bb custom_padding_phone=\u00a0\u00bb50px|0px|50px|0px|true|false\u00a0\u00bb make_fullwidth=\u00a0\u00bboff\u00a0\u00bb use_custom_width=\u00a0\u00bboff\u00a0\u00bb width_unit=\u00a0\u00bboff\u00a0\u00bb custom_width_px=\u00a0\u00bb1080px\u00a0\u00bb custom_width_percent=\u00a0\u00bb80%\u00a0\u00bb max_width__hover_enabled=\u00a0\u00bboff|desktop\u00a0\u00bb background_size=\u00a0\u00bbinitial\u00a0\u00bb background_position=\u00a0\u00bbtop_left\u00a0\u00bb background_repeat=\u00a0\u00bbrepeat\u00a0\u00bb][et_pb_column type=\u00a0\u00bb2_5&Prime; _builder_version=\u00a0\u00bb4.0.5&Prime;][et_pb_divider color=\u00a0\u00bb#e09900&Prime; divider_weight=\u00a0\u00bb10px\u00a0\u00bb _builder_version=\u00a0\u00bb4.0.5&Prime; background_enable_color=\u00a0\u00bboff\u00a0\u00bb custom_margin=\u00a0\u00bb||-6px|||\u00a0\u00bb custom_padding=\u00a0\u00bb||12px|||\u00a0\u00bb][\/et_pb_divider][et_pb_text module_class=\u00a0\u00bbTitreFaq\u00a0\u00bb _builder_version=\u00a0\u00bb4.6.5&Prime; header_text_color=\u00a0\u00bb#262626&Prime; header_2_text_color=\u00a0\u00bb#262626&Prime; header_2_font_size=\u00a0\u00bb43px\u00a0\u00bb min_height=\u00a0\u00bb78px\u00a0\u00bb custom_padding=\u00a0\u00bb||0px|||\u00a0\u00bb]<\/p>\n<h2>FAQ<\/h2>\n<p>[\/et_pb_text][\/et_pb_column][et_pb_column type=\u00a0\u00bb3_5&Prime; module_class=\u00a0\u00bbfaq\u00a0\u00bb _builder_version=\u00a0\u00bb4.6.5&Prime; background_enable_image=\u00a0\u00bboff\u00a0\u00bb background_size=\u00a0\u00bbcontain\u00a0\u00bb custom_padding=\u00a0\u00bb||||false|false\u00a0\u00bb custom_padding_tablet=\u00a0\u00bb\u00a0\u00bb custom_padding_phone=\u00a0\u00bb\u00a0\u00bb custom_padding_last_edited=\u00a0\u00bbon|desktop\u00a0\u00bb custom_padding__hover=\u00a0\u00bb|||\u00a0\u00bb][et_pb_divider color=\u00a0\u00bb#f2efea\u00a0\u00bb divider_weight=\u00a0\u00bb10px\u00a0\u00bb _builder_version=\u00a0\u00bb4.0.5&Prime; background_enable_color=\u00a0\u00bboff\u00a0\u00bb custom_margin=\u00a0\u00bb||-6px|||\u00a0\u00bb custom_padding=\u00a0\u00bb||3px|||\u00a0\u00bb][\/et_pb_divider][et_pb_toggle title=\u00a0\u00bbJ\u2019ai postul\u00e9 en ligne. Comment savoir si ma candidature a bien \u00e9t\u00e9 prise en compte&nbsp;?\u00a0\u00bb open_toggle_text_color=\u00a0\u00bb#e21c20&Prime; open_toggle_background_color=\u00a0\u00bbrgba(0,0,0,0)\u00a0\u00bb closed_toggle_background_color=\u00a0\u00bbrgba(0,0,0,0)\u00a0\u00bb icon_color=\u00a0\u00bb#e7a504&Prime; use_icon_font_size=\u00a0\u00bbon\u00a0\u00bb icon_font_size=\u00a0\u00bb22px\u00a0\u00bb _builder_version=\u00a0\u00bb4.6.5&Prime; title_text_color=\u00a0\u00bb#262626&Prime; title_level=\u00a0\u00bbh2&Prime; title_font_size=\u00a0\u00bb25px\u00a0\u00bb custom_margin=\u00a0\u00bb||8px|||\u00a0\u00bb border_width_all=\u00a0\u00bb0px\u00a0\u00bb]<\/p>\n<p>Heureux d\u2019apprendre que vous avez l\u2019intention de travailler pour Fnac Vanden Borre&nbsp;! Vous recevrez normalement un mail de confirmation. Vous n\u2019avez rien re\u00e7u&nbsp;? Allez voir du c\u00f4t\u00e9 des spams.<\/p>\n<p>[\/et_pb_toggle][et_pb_divider color=\u00a0\u00bb#f2efea\u00a0\u00bb divider_weight=\u00a0\u00bb10px\u00a0\u00bb _builder_version=\u00a0\u00bb4.0.5&Prime; background_enable_color=\u00a0\u00bboff\u00a0\u00bb custom_margin=\u00a0\u00bb||-6px|||\u00a0\u00bb custom_padding=\u00a0\u00bb||12px|||\u00a0\u00bb][\/et_pb_divider][et_pb_toggle title=\u00a0\u00bbJ\u2019ai une pr\u00e9f\u00e9rence pour l\u2019une des 2 marques. Puis-je choisir pour laquelle je veux travailler&nbsp;?\u00a0\u00bb open_toggle_text_color=\u00a0\u00bb#e21c20&Prime; open_toggle_background_color=\u00a0\u00bbrgba(0,0,0,0)\u00a0\u00bb closed_toggle_background_color=\u00a0\u00bbrgba(0,0,0,0)\u00a0\u00bb icon_color=\u00a0\u00bb#e7a504&Prime; use_icon_font_size=\u00a0\u00bbon\u00a0\u00bb icon_font_size=\u00a0\u00bb22px\u00a0\u00bb _builder_version=\u00a0\u00bb4.6.5&Prime; title_text_color=\u00a0\u00bb#262626&Prime; title_level=\u00a0\u00bbh2&Prime; title_font_size=\u00a0\u00bb25px\u00a0\u00bb custom_margin=\u00a0\u00bb||8px|||\u00a0\u00bb border_width_all=\u00a0\u00bb0px\u00a0\u00bb]<\/p>\n<p>Bien s\u00fbr. Si vous souhaitez venir renforcer notre \u00e9quipe de vente, ce sera forc\u00e9ment pour l\u2019une de nos 2 marques. Vous postulez pour une fonction de support (IT, Finance, RH, Achats\u2026)&nbsp;? Alors, vous travaillerez probablement pour la Fnac et pour Vanden Borre.<\/p>\n<p>[\/et_pb_toggle][et_pb_divider color=\u00a0\u00bb#f2efea\u00a0\u00bb divider_weight=\u00a0\u00bb10px\u00a0\u00bb _builder_version=\u00a0\u00bb4.0.5&Prime; background_enable_color=\u00a0\u00bboff\u00a0\u00bb custom_margin=\u00a0\u00bb||-6px|||\u00a0\u00bb custom_padding=\u00a0\u00bb||12px|||\u00a0\u00bb][\/et_pb_divider][et_pb_toggle title=\u00a0\u00bbEst-il possible d\u2019\u00e9voluer \u00e0 l\u2019international chez Fnac Vanden Borre&nbsp;?\u00a0\u00bb open_toggle_text_color=\u00a0\u00bb#e21c20&Prime; open_toggle_background_color=\u00a0\u00bbrgba(0,0,0,0)\u00a0\u00bb closed_toggle_background_color=\u00a0\u00bbrgba(0,0,0,0)\u00a0\u00bb icon_color=\u00a0\u00bb#e7a504&Prime; use_icon_font_size=\u00a0\u00bbon\u00a0\u00bb icon_font_size=\u00a0\u00bb22px\u00a0\u00bb _builder_version=\u00a0\u00bb4.6.5&Prime; title_text_color=\u00a0\u00bb#262626&Prime; title_level=\u00a0\u00bbh2&Prime; title_font_size=\u00a0\u00bb25px\u00a0\u00bb custom_margin=\u00a0\u00bb||8px|||\u00a0\u00bb border_width_all=\u00a0\u00bb0px\u00a0\u00bb]<\/p>\n<p>Fnac Vanden Borre fait partie du groupe fran\u00e7ais <a href=\"\/\/www.fnacdarty.com\" target=\"_blank\" rel=\"noopener noreferrer\">Fnac Darty<\/a>, un groupe dynamique en pleine croissance avec \u00e9norm\u00e9ment de potentiel. Si vous avez de l\u2019ambition et l\u2019envie d\u2019explorer les horizons internationaux, nos portes vous sont grandes ouvertes.<\/p>\n<p>[\/et_pb_toggle][et_pb_divider color=\u00a0\u00bb#f2efea\u00a0\u00bb divider_weight=\u00a0\u00bb10px\u00a0\u00bb _builder_version=\u00a0\u00bb4.0.5&Prime; background_enable_color=\u00a0\u00bboff\u00a0\u00bb custom_margin=\u00a0\u00bb||-6px|||\u00a0\u00bb custom_padding=\u00a0\u00bb||12px|||\u00a0\u00bb][\/et_pb_divider][et_pb_toggle title=\u00a0\u00bbPuis-je commencer \u00e0 la Fnac puis passer chez Vanden Borre ou inversement&nbsp;?\u00a0\u00bb open_toggle_text_color=\u00a0\u00bb#e21c20&Prime; open_toggle_background_color=\u00a0\u00bbrgba(0,0,0,0)\u00a0\u00bb closed_toggle_background_color=\u00a0\u00bbrgba(0,0,0,0)\u00a0\u00bb icon_color=\u00a0\u00bb#e7a504&Prime; use_icon_font_size=\u00a0\u00bbon\u00a0\u00bb icon_font_size=\u00a0\u00bb22px\u00a0\u00bb _builder_version=\u00a0\u00bb4.6.5&Prime; title_text_color=\u00a0\u00bb#262626&Prime; title_level=\u00a0\u00bbh2&Prime; title_font_size=\u00a0\u00bb25px\u00a0\u00bb custom_margin=\u00a0\u00bb||8px|||\u00a0\u00bb border_width_all=\u00a0\u00bb0px\u00a0\u00bb]<\/p>\n<p>C\u2019est possible&nbsp;! Nous favorisons la mobilit\u00e9 interne entre nos 2 enseignes. Cela ne peut que nous rendre meilleurs et beaucoup plus forts. Vous souhaitez passer de Vanden Borre \u00e0 la Fnac&nbsp;? D\u2019un emploi en magasin \u00e0 un poste au sein de notre si\u00e8ge social&nbsp;? Ou inversement&nbsp;? Il suffit de nous en faire part. Pour nous, c\u2019est votre bonheur au travail qui compte le plus.<\/p>\n<p>[\/et_pb_toggle][et_pb_divider color=\u00a0\u00bb#f2efea\u00a0\u00bb divider_weight=\u00a0\u00bb10px\u00a0\u00bb _builder_version=\u00a0\u00bb4.0.5&Prime; background_enable_color=\u00a0\u00bboff\u00a0\u00bb custom_margin=\u00a0\u00bb||-6px|||\u00a0\u00bb custom_padding=\u00a0\u00bb||12px|||\u00a0\u00bb][\/et_pb_divider][et_pb_toggle title=\u00a0\u00bb\u00c0 quelle proc\u00e9dure de s\u00e9lection dois-je m\u2019attendre en tant que candidat&nbsp;?\u00a0\u00bb open_toggle_text_color=\u00a0\u00bb#e21c20&Prime; open_toggle_background_color=\u00a0\u00bbrgba(0,0,0,0)\u00a0\u00bb closed_toggle_background_color=\u00a0\u00bbrgba(0,0,0,0)\u00a0\u00bb icon_color=\u00a0\u00bb#e7a504&Prime; use_icon_font_size=\u00a0\u00bbon\u00a0\u00bb icon_font_size=\u00a0\u00bb22px\u00a0\u00bb _builder_version=\u00a0\u00bb4.6.5&Prime; title_text_color=\u00a0\u00bb#262626&Prime; title_level=\u00a0\u00bbh2&Prime; title_font_size=\u00a0\u00bb25px\u00a0\u00bb custom_margin=\u00a0\u00bb||8px|||\u00a0\u00bb border_width_all=\u00a0\u00bb0px\u00a0\u00bb]<\/p>\n<p>Nous travaillons g\u00e9n\u00e9ralement en 5 \u00e9tapes. Nous voulons \u00eatre certains que vous avez le profil parfait pour Fnac Vanden Borre. Et inversement, que nous sommes l\u2019employeur id\u00e9al pour vous.<\/p>\n<p style=\"padding-left: 30px;\"><strong>\u00c9tape 1:\u00a0<\/strong>Postulez pour un emploi sp\u00e9cifique via notre formulaire de candidature en ligne. Ajoutez une lettre de motivation convaincante et un CV complet pour marquer imm\u00e9diatement des points.<\/p>\n<p style=\"padding-left: 30px;\"><strong>\u00c9tape 2:\u00a0<\/strong>Votre CV a fait bonne impression&nbsp;? Notre collaborateur RH vous invite \u00e0 un entretien de mani\u00e8re \u00e0 vous faire d\u00e9couvrir plus en d\u00e9tails le poste vacant.<\/p>\n<p style=\"padding-left: 30px;\"><strong>\u00c9tape 3:\u00a0<\/strong>L\u2019entretien s\u2019est bien pass\u00e9 pour vous comme pour nous&nbsp;? Dans ce cas, vous serez invit\u00e9(e) \u00e0 rencontrer votre futur responsable. Vous passerez \u00e9galement un test de personnalit\u00e9 et\/ou de raisonnement et un test pratique ou d\u2019\u00e9valuation (selon le job pour lequel vous avez postul\u00e9).<\/p>\n<p style=\"padding-left: 30px;\"><strong>\u00c9tape 4:\u00a0<\/strong>Les \u00e9tapes pr\u00e9c\u00e9dentes sont toutes positives&nbsp;? Alors, vous pouvez vous attendre \u00e0 un contrat de travail chez nous.<\/p>\n<p style=\"padding-left: 30px;\"><strong>\u00c9tape 5:\u00a0<\/strong>Vous trouvez notre proposition tr\u00e8s int\u00e9ressante&nbsp;? Dans ce cas, vous \u00eates le ou la bienvenu(e) dans notre \u00e9quipe&nbsp;!<\/p>\n<p>[\/et_pb_toggle][et_pb_divider color=\u00a0\u00bb#f2efea\u00a0\u00bb divider_weight=\u00a0\u00bb10px\u00a0\u00bb _builder_version=\u00a0\u00bb4.0.5&Prime; background_enable_color=\u00a0\u00bboff\u00a0\u00bb custom_margin=\u00a0\u00bb||-6px|||\u00a0\u00bb custom_padding=\u00a0\u00bb||12px|||\u00a0\u00bb][\/et_pb_divider][et_pb_toggle title=\u00a0\u00bbAucun poste vacant ne me correspond et pourtant je veux travailler chez Fnac Vanden Borre. Je peux envoyer une candidature spontan\u00e9e&nbsp;?\u00a0\u00bb open_toggle_text_color=\u00a0\u00bb#e21c20&Prime; open_toggle_background_color=\u00a0\u00bbrgba(0,0,0,0)\u00a0\u00bb closed_toggle_background_color=\u00a0\u00bbrgba(0,0,0,0)\u00a0\u00bb icon_color=\u00a0\u00bb#e7a504&Prime; use_icon_font_size=\u00a0\u00bbon\u00a0\u00bb icon_font_size=\u00a0\u00bb22px\u00a0\u00bb _builder_version=\u00a0\u00bb4.6.5&Prime; title_text_color=\u00a0\u00bb#262626&Prime; title_level=\u00a0\u00bbh2&Prime; title_font_size=\u00a0\u00bb25px\u00a0\u00bb custom_margin=\u00a0\u00bb||8px|||\u00a0\u00bb border_width_all=\u00a0\u00bb0px\u00a0\u00bb locked=\u00a0\u00bboff\u00a0\u00bb]<\/p>\n<p>Bien s\u00fbr&nbsp;! Envoyez-nous votre CV et faites ressortir vos talents. Si un poste plus adapt\u00e9 \u00e0 votre profil se lib\u00e8re, nous vous recontacterons. Petite astuce au passage&nbsp;: n\u2019h\u00e9sitez pas \u00e0 consulter notre page \u00ab&nbsp;Offres d\u2019emploi&nbsp;\u00bb. Elle est r\u00e9guli\u00e8rement mise \u00e0 jour.<\/p>\n<p>[\/et_pb_toggle][et_pb_divider color=\u00a0\u00bb#f2efea\u00a0\u00bb divider_weight=\u00a0\u00bb10px\u00a0\u00bb _builder_version=\u00a0\u00bb4.0.5&Prime; background_enable_color=\u00a0\u00bboff\u00a0\u00bb custom_margin=\u00a0\u00bb||-6px|||\u00a0\u00bb custom_padding=\u00a0\u00bb||12px|||\u00a0\u00bb locked=\u00a0\u00bboff\u00a0\u00bb][\/et_pb_divider][et_pb_toggle title=\u00a0\u00bbJe cherche un stage pendant mes \u00e9tudes. Je peux contacter Fnac Vanden Borre&nbsp;?\u00a0\u00bb open_toggle_text_color=\u00a0\u00bb#e21c20&Prime; open_toggle_background_color=\u00a0\u00bbrgba(0,0,0,0)\u00a0\u00bb closed_toggle_background_color=\u00a0\u00bbrgba(0,0,0,0)\u00a0\u00bb icon_color=\u00a0\u00bb#e7a504&Prime; use_icon_font_size=\u00a0\u00bbon\u00a0\u00bb icon_font_size=\u00a0\u00bb22px\u00a0\u00bb _builder_version=\u00a0\u00bb4.6.5&Prime; title_text_color=\u00a0\u00bb#262626&Prime; title_level=\u00a0\u00bbh2&Prime; title_font_size=\u00a0\u00bb25px\u00a0\u00bb custom_margin=\u00a0\u00bb||8px|||\u00a0\u00bb border_width_all=\u00a0\u00bb0px\u00a0\u00bb locked=\u00a0\u00bboff\u00a0\u00bb]<\/p>\n<p>Absolument&nbsp;! Nous accueillons les stagiaires \u00e0 bras ouverts, aussi bien dans nos magasins qu\u2019\u00e0 notre si\u00e8ge social<\/p>\n<p>[\/et_pb_toggle][et_pb_divider color=\u00a0\u00bb#f2efea\u00a0\u00bb divider_weight=\u00a0\u00bb10px\u00a0\u00bb _builder_version=\u00a0\u00bb4.0.5&Prime; background_enable_color=\u00a0\u00bboff\u00a0\u00bb custom_margin=\u00a0\u00bb||-6px|||\u00a0\u00bb custom_padding=\u00a0\u00bb||12px|||\u00a0\u00bb locked=\u00a0\u00bboff\u00a0\u00bb][\/et_pb_divider][et_pb_toggle title=\u00a0\u00bbJe suis \u00e9tudiant et je cherche un chouette job. Je peux travailler chez Fnac Vanden Borre&nbsp;?\u00a0\u00bb open_toggle_text_color=\u00a0\u00bb#e21c20&Prime; open_toggle_background_color=\u00a0\u00bbrgba(0,0,0,0)\u00a0\u00bb closed_toggle_background_color=\u00a0\u00bbrgba(0,0,0,0)\u00a0\u00bb icon_color=\u00a0\u00bb#e7a504&Prime; use_icon_font_size=\u00a0\u00bbon\u00a0\u00bb icon_font_size=\u00a0\u00bb22px\u00a0\u00bb _builder_version=\u00a0\u00bb4.6.5&Prime; title_text_color=\u00a0\u00bb#262626&Prime; title_level=\u00a0\u00bbh2&Prime; title_font_size=\u00a0\u00bb25px\u00a0\u00bb custom_margin=\u00a0\u00bb||8px|||\u00a0\u00bb border_width_all=\u00a0\u00bb0px\u00a0\u00bb locked=\u00a0\u00bboff\u00a0\u00bb]<\/p>\n<p>\u00c9videmment&nbsp;! Et ce, aussi bien pendant les grandes vacances que les samedis ou m\u00eame tout au long de l\u2019ann\u00e9e. Ce sera pour vous l\u2019occasion de d\u00e9couvrir le monde du travail. Postulez pour un job \u00e9tudiant et nous regardons si \u00e7a peut \u00ab&nbsp;matcher&nbsp;\u00bb entre nous.<\/p>\n<p>[\/et_pb_toggle][et_pb_divider color=\u00a0\u00bb#f2efea\u00a0\u00bb divider_weight=\u00a0\u00bb10px\u00a0\u00bb _builder_version=\u00a0\u00bb4.0.5&Prime; background_enable_color=\u00a0\u00bboff\u00a0\u00bb custom_margin=\u00a0\u00bb||-6px|||\u00a0\u00bb custom_padding=\u00a0\u00bb||12px|||\u00a0\u00bb locked=\u00a0\u00bboff\u00a0\u00bb][\/et_pb_divider][\/et_pb_column][\/et_pb_row][\/et_pb_section]<\/p>","protected":false},"excerpt":{"rendered":"<p>FAQHeureux d\u2019apprendre que vous avez l\u2019intention de travailler pour Fnac Vanden Borre&nbsp;! Vous recevrez normalement un mail de confirmation. Vous n\u2019avez rien re\u00e7u&nbsp;? Allez voir du c\u00f4t\u00e9 des spams.Bien s\u00fbr. Si vous souhaitez venir renforcer notre \u00e9quipe de vente, ce sera forc\u00e9ment pour l\u2019une de nos 2 marques. Vous postulez pour une fonction [&hellip;]<\/p>","protected":false},"author":1,"featured_media":31994,"parent":0,"menu_order":0,"comment_status":"closed","ping_status":"closed","template":"","meta":{"_et_pb_use_builder":"on","_et_pb_old_content":"","_et_gb_content_width":""},"yoast_head":"<!-- This site is optimized with the Yoast SEO plugin v20.8 - https:\/\/yoast.com\/wordpress\/plugins\/seo\/ -->\n<title>FAQ - Jobsite | Fnac Vanden Borre<\/title>\n<meta name=\"robots\" content=\"index, follow, max-snippet:-1, max-image-preview:large, max-video-preview:-1\" \/>\n<link rel=\"canonical\" href=\"https:\/\/jobs.fnacvandenborre.be\/fr\/faq\/\" \/>\n<meta property=\"og:locale\" content=\"fr_FR\" \/>\n<meta property=\"og:type\" content=\"article\" \/>\n<meta property=\"og:title\" content=\"FAQ - Jobsite | Fnac Vanden Borre\" \/>\n<meta property=\"og:description\" content=\"FAQHeureux d\u2019apprendre que vous avez l\u2019intention de travailler pour Fnac Vanden Borre ! Vous recevrez normalement un mail de confirmation. Vous n\u2019avez rien re\u00e7u ? Allez voir du c\u00f4t\u00e9 des spams.Bien s\u00fbr. Si vous souhaitez venir renforcer notre \u00e9quipe de vente, ce sera forc\u00e9ment pour l\u2019une de nos 2 marques. Vous postulez pour une fonction [&hellip;]\" \/>\n<meta property=\"og:url\" content=\"https:\/\/jobs.fnacvandenborre.be\/fr\/faq\/\" \/>\n<meta property=\"og:site_name\" content=\"Jobsite | Fnac Vanden Borre\" \/>\n<meta property=\"article:modified_time\" content=\"2020-10-29T21:41:24+00:00\" \/>\n<meta property=\"og:image\" content=\"https:\/\/jobs.fnacvandenborre.be\/wp-content\/uploads\/2020\/10\/FAQ-top-image-1.jpg\" \/>\n\t<meta property=\"og:image:width\" content=\"2000\" \/>\n\t<meta property=\"og:image:height\" content=\"960\" \/>\n\t<meta property=\"og:image:type\" content=\"image\/jpeg\" \/>\n<meta name=\"twitter:card\" content=\"summary_large_image\" \/>\n<meta name=\"twitter:label1\" content=\"Dur\u00e9e de lecture estim\u00e9e\" \/>\n\t<meta name=\"twitter:data1\" content=\"8 minutes\" \/>\n<script type=\"application\/ld+json\" class=\"yoast-schema-graph\">{\"@context\":\"https:\/\/schema.org\",\"@graph\":[{\"@type\":\"WebPage\",\"@id\":\"https:\/\/jobs.fnacvandenborre.be\/fr\/faq\/\",\"url\":\"https:\/\/jobs.fnacvandenborre.be\/fr\/faq\/\",\"name\":\"FAQ - Jobsite | Fnac Vanden Borre\",\"isPartOf\":{\"@id\":\"https:\/\/jobs.fnacvandenborre.be\/fr\/#website\"},\"datePublished\":\"2019-11-12T20:25:11+00:00\",\"dateModified\":\"2020-10-29T21:41:24+00:00\",\"breadcrumb\":{\"@id\":\"https:\/\/jobs.fnacvandenborre.be\/fr\/faq\/#breadcrumb\"},\"inLanguage\":\"fr-FR\",\"potentialAction\":[{\"@type\":\"ReadAction\",\"target\":[\"https:\/\/jobs.fnacvandenborre.be\/fr\/faq\/\"]}]},{\"@type\":\"BreadcrumbList\",\"@id\":\"https:\/\/jobs.fnacvandenborre.be\/fr\/faq\/#breadcrumb\",\"itemListElement\":[{\"@type\":\"ListItem\",\"position\":1,\"name\":\"Accueil\",\"item\":\"https:\/\/jobs.fnacvandenborre.be\/fr\/\"},{\"@type\":\"ListItem\",\"position\":2,\"name\":\"FAQ\"}]},{\"@type\":\"WebSite\",\"@id\":\"https:\/\/jobs.fnacvandenborre.be\/fr\/#website\",\"url\":\"https:\/\/jobs.fnacvandenborre.be\/fr\/\",\"name\":\"Jobsite | Fnac Vanden Borre\",\"description\":\"\",\"potentialAction\":[{\"@type\":\"SearchAction\",\"target\":{\"@type\":\"EntryPoint\",\"urlTemplate\":\"https:\/\/jobs.fnacvandenborre.be\/fr\/?s={search_term_string}\"},\"query-input\":\"required name=search_term_string\"}],\"inLanguage\":\"fr-FR\"}]}<\/script>\n<!-- \/ Yoast SEO plugin. -->","yoast_head_json":{"title":"FAQ - Jobsite | Fnac Vanden Borre","robots":{"index":"index","follow":"follow","max-snippet":"max-snippet:-1","max-image-preview":"max-image-preview:large","max-video-preview":"max-video-preview:-1"},"canonical":"https:\/\/jobs.fnacvandenborre.be\/fr\/faq\/","og_locale":"fr_FR","og_type":"article","og_title":"FAQ - Jobsite | Fnac Vanden Borre","og_description":"FAQHeureux d\u2019apprendre que vous avez l\u2019intention de travailler pour Fnac Vanden Borre ! Vous recevrez normalement un mail de confirmation. Vous n\u2019avez rien re\u00e7u ? Allez voir du c\u00f4t\u00e9 des spams.Bien s\u00fbr. Si vous souhaitez venir renforcer notre \u00e9quipe de vente, ce sera forc\u00e9ment pour l\u2019une de nos 2 marques. Vous postulez pour une fonction [&hellip;]","og_url":"https:\/\/jobs.fnacvandenborre.be\/fr\/faq\/","og_site_name":"Jobsite | Fnac Vanden Borre","article_modified_time":"2020-10-29T21:41:24+00:00","og_image":[{"width":2000,"height":960,"url":"https:\/\/jobs.fnacvandenborre.be\/wp-content\/uploads\/2020\/10\/FAQ-top-image-1.jpg","type":"image\/jpeg"}],"twitter_card":"summary_large_image","twitter_misc":{"Dur\u00e9e de lecture estim\u00e9e":"8 minutes"},"schema":{"@context":"https:\/\/schema.org","@graph":[{"@type":"WebPage","@id":"https:\/\/jobs.fnacvandenborre.be\/fr\/faq\/","url":"https:\/\/jobs.fnacvandenborre.be\/fr\/faq\/","name":"FAQ - Jobsite | Fnac Vanden Borre","isPartOf":{"@id":"https:\/\/jobs.fnacvandenborre.be\/fr\/#website"},"datePublished":"2019-11-12T20:25:11+00:00","dateModified":"2020-10-29T21:41:24+00:00","breadcrumb":{"@id":"https:\/\/jobs.fnacvandenborre.be\/fr\/faq\/#breadcrumb"},"inLanguage":"fr-FR","potentialAction":[{"@type":"ReadAction","target":["https:\/\/jobs.fnacvandenborre.be\/fr\/faq\/"]}]},{"@type":"BreadcrumbList","@id":"https:\/\/jobs.fnacvandenborre.be\/fr\/faq\/#breadcrumb","itemListElement":[{"@type":"ListItem","position":1,"name":"Accueil","item":"https:\/\/jobs.fnacvandenborre.be\/fr\/"},{"@type":"ListItem","position":2,"name":"FAQ"}]},{"@type":"WebSite","@id":"https:\/\/jobs.fnacvandenborre.be\/fr\/#website","url":"https:\/\/jobs.fnacvandenborre.be\/fr\/","name":"Jobsite | Fnac Vanden Borre","description":"","potentialAction":[{"@type":"SearchAction","target":{"@type":"EntryPoint","urlTemplate":"https:\/\/jobs.fnacvandenborre.be\/fr\/?s={search_term_string}"},"query-input":"required name=search_term_string"}],"inLanguage":"fr-FR"}]}},"_links":{"self":[{"href":"https:\/\/jobs.fnacvandenborre.be\/fr\/wp-json\/wp\/v2\/pages\/30382"}],"collection":[{"href":"https:\/\/jobs.fnacvandenborre.be\/fr\/wp-json\/wp\/v2\/pages"}],"about":[{"href":"https:\/\/jobs.fnacvandenborre.be\/fr\/wp-json\/wp\/v2\/types\/page"}],"author":[{"embeddable":true,"href":"https:\/\/jobs.fnacvandenborre.be\/fr\/wp-json\/wp\/v2\/users\/1"}],"replies":[{"embeddable":true,"href":"https:\/\/jobs.fnacvandenborre.be\/fr\/wp-json\/wp\/v2\/comments?post=30382"}],"version-history":[{"count":50,"href":"https:\/\/jobs.fnacvandenborre.be\/fr\/wp-json\/wp\/v2\/pages\/30382\/revisions"}],"predecessor-version":[{"id":32422,"href":"https:\/\/jobs.fnacvandenborre.be\/fr\/wp-json\/wp\/v2\/pages\/30382\/revisions\/32422"}],"wp:featuredmedia":[{"embeddable":true,"href":"https:\/\/jobs.fnacvandenborre.be\/fr\/wp-json\/wp\/v2\/media\/31994"}],"wp:attachment":[{"href":"https:\/\/jobs.fnacvandenborre.be\/fr\/wp-json\/wp\/v2\/media?parent=30382"}],"curies":[{"name":"wp","href":"https:\/\/api.w.org\/{rel}","templated":true}]}}